{"id":7159,"date":"2021-07-30T10:19:49","date_gmt":"2021-07-30T08:19:49","guid":{"rendered":"https:\/\/drago-apartmani.com\/?page_id=7159"},"modified":"2021-07-30T10:21:26","modified_gmt":"2021-07-30T08:21:26","slug":"soba-s2","status":"publish","type":"page","link":"https:\/\/drago-apartmani.com\/en\/soba-s2\/","title":{"rendered":"Room S2"},"content":{"rendered":"<div data-elementor-type=\"wp-page\" data-elementor-id=\"7159\" class=\"elementor elementor-7159\" data-elementor-post-type=\"page\">\n\t\t\t\t\t\t<section class=\"elementor-section elementor-top-section elementor-element elementor-element-7a1cea56 elementor-section-full_width elementor-section-height-default elementor-section-height-default\" data-id=\"7a1cea56\" data-element_type=\"section\" data-settings=\"{&quot;background_background&quot;:&quot;classic&quot;}\">\n\t\t\t\t\t\t<div class=\"elementor-container elementor-column-gap-default\">\n\t\t\t\t\t<div class=\"elementor-column elementor-col-100 elementor-top-column elementor-element elementor-element-27ead07a\" data-id=\"27ead07a\" data-element_type=\"column\">\n\t\t\t<div class=\"elementor-widget-wrap\">\n\t\t\t\t\t\t\t<\/div>\n\t\t<\/div>\n\t\t\t\t\t<\/div>\n\t\t<\/section>\n\t\t\t\t<section class=\"elementor-section elementor-top-section elementor-element elementor-element-1aadd6cd elementor-section-boxed elementor-section-height-default elementor-section-height-default\" data-id=\"1aadd6cd\" data-element_type=\"section\" data-settings=\"{&quot;background_background&quot;:&quot;classic&quot;}\">\n\t\t\t\t\t\t<div class=\"elementor-container elementor-column-gap-default\">\n\t\t\t\t\t<div class=\"elementor-column elementor-col-100 elementor-top-column elementor-element elementor-element-5a35317a\" data-id=\"5a35317a\" data-element_type=\"column\">\n\t\t\t<div class=\"elementor-widget-wrap elementor-element-populated\">\n\t\t\t\t\t\t\t<\/div>\n\t\t<\/div>\n\t\t\t\t\t<\/div>\n\t\t<\/section>\n\t\t\t\t<section class=\"elementor-section elementor-top-section elementor-element elementor-element-5fa7e540 elementor-section-boxed elementor-section-height-default elementor-section-height-default\" data-id=\"5fa7e540\" data-element_type=\"section\">\n\t\t\t\t\t\t<div class=\"elementor-container elementor-column-gap-default\">\n\t\t\t\t\t<div class=\"elementor-column elementor-col-100 elementor-top-column elementor-element elementor-element-10c16e6a\" data-id=\"10c16e6a\" data-element_type=\"column\">\n\t\t\t<div class=\"elementor-widget-wrap elementor-element-populated\">\n\t\t\t\t\t\t<div class=\"elementor-element elementor-element-73a9eb93 elementor-widget elementor-widget-spacer\" data-id=\"73a9eb93\" data-element_type=\"widget\" data-widget_type=\"spacer.default\">\n\t\t\t\t<div class=\"elementor-widget-container\">\n\t\t\t\t\t<div class=\"elementor-spacer\">\n\t\t\t<div class=\"elementor-spacer-inner\"><\/div>\n\t\t<\/div>\n\t\t\t\t<\/div>\n\t\t\t\t<\/div>\n\t\t\t\t\t<\/div>\n\t\t<\/div>\n\t\t\t\t\t<\/div>\n\t\t<\/section>\n\t\t\t\t<section class=\"elementor-section elementor-top-section elementor-element elementor-element-2769e81 elementor-section-boxed elementor-section-height-default elementor-section-height-default\" data-id=\"2769e81\" data-element_type=\"section\">\n\t\t\t\t\t\t<div class=\"elementor-container elementor-column-gap-default\">\n\t\t\t\t\t<div class=\"elementor-column elementor-col-100 elementor-top-column elementor-element elementor-element-2c8a0ca\" data-id=\"2c8a0ca\" data-element_type=\"column\">\n\t\t\t<div class=\"elementor-widget-wrap elementor-element-populated\">\n\t\t\t\t\t\t\t<\/div>\n\t\t<\/div>\n\t\t\t\t\t<\/div>\n\t\t<\/section>\n\t\t\t\t<section class=\"elementor-section elementor-top-section elementor-element elementor-element-1ee6462 elementor-section-boxed elementor-section-height-default elementor-section-height-default\" data-id=\"1ee6462\" data-element_type=\"section\">\n\t\t\t\t\t\t<div class=\"elementor-container elementor-column-gap-default\">\n\t\t\t\t\t<div class=\"elementor-column elementor-col-50 elementor-top-column elementor-element elementor-element-8f20c96\" data-id=\"8f20c96\" data-element_type=\"column\">\n\t\t\t<div class=\"elementor-widget-wrap elementor-element-populated\">\n\t\t\t\t\t\t<div class=\"elementor-element elementor-element-b70554f elementor-widget elementor-widget-text-editor\" data-id=\"b70554f\" data-element_type=\"widget\" data-widget_type=\"text-editor.default\">\n\t\t\t\t<div class=\"elementor-widget-container\">\n\t\t\t\t\t\t\t<h2><span style=\"color: #ff6600;\"><strong>Star rating ***<\/strong><\/span><\/h2><p>0. floor<\/p><p>Bathroom with shower<\/p><p>Refrigerator<\/p><p>Terrace (yard)<\/p><p>Cot (service available at your request)<\/p><p>Iron (service available at your request)<\/p><p>Hairdryer (service available at your request)<\/p><p>Washing machine (service available upon agreement with other guests)<\/p><p>Cleaning 1x a week<\/p><p>Smoking allowed<\/p><p>View of sea<\/p><p>Separate entrance<\/p>\t\t\t\t\t\t<\/div>\n\t\t\t\t<\/div>\n\t\t\t\t\t<\/div>\n\t\t<\/div>\n\t\t\t\t<div class=\"elementor-column elementor-col-50 elementor-top-column elementor-element elementor-element-433d23a\" data-id=\"433d23a\" data-element_type=\"column\">\n\t\t\t<div class=\"elementor-widget-wrap elementor-element-populated\">\n\t\t\t\t\t\t<div class=\"elementor-element elementor-element-481b837 elementor-widget elementor-widget-text-editor\" data-id=\"481b837\" data-element_type=\"widget\" data-widget_type=\"text-editor.default\">\n\t\t\t\t<div class=\"elementor-widget-container\">\n\t\t\t\t\t\t\t<h2><span style=\"color: #ff6600;\"><strong>Room<\/strong><\/span><\/h2><p>Total number of beds in rooms: 2<\/p><p>Number of twin beds: 1<\/p><p>Room size is 9 m2<\/p>\t\t\t\t\t\t<\/div>\n\t\t\t\t<\/div>\n\t\t\t\t\t<\/div>\n\t\t<\/div>\n\t\t\t\t\t<\/div>\n\t\t<\/section>\n\t\t\t\t<\/div>","protected":false},"excerpt":{"rendered":"<p>Kategorija *** 0. kat Kupaonica s tus kadom Hladnjak Terasa (dvoriste) Dje\u010dji kreveti\u0107 (usluga na zahtjev) Gla\u010dalo (usluga na zahtjev) Susilo za kosu (usluga na zahtjev) Stroj za pranje rublja (usluga se napla\u010duje) \u010cis\u0107enje i pospremanje 1x tjedno Dozvoljeno pusenje Pogled na more Posebni ulaz Soba: Ukupan broj le\u017eaja u sobi: 2 Broj bra\u010dnih le\u017eaja: [&hellip;]<\/p>","protected":false},"author":1,"featured_media":0,"parent":0,"menu_order":0,"comment_status":"closed","ping_status":"closed","template":"template-canvas.php","meta":{"footnotes":""},"class_list":["post-7159","page","type-page","status-publish","hentry"],"_links":{"self":[{"href":"https:\/\/drago-apartmani.com\/en\/wp-json\/wp\/v2\/pages\/7159","targetHints":{"allow":["GET"]}}],"collection":[{"href":"https:\/\/drago-apartmani.com\/en\/wp-json\/wp\/v2\/pages"}],"about":[{"href":"https:\/\/drago-apartmani.com\/en\/wp-json\/wp\/v2\/types\/page"}],"author":[{"embeddable":true,"href":"https:\/\/drago-apartmani.com\/en\/wp-json\/wp\/v2\/users\/1"}],"replies":[{"embeddable":true,"href":"https:\/\/drago-apartmani.com\/en\/wp-json\/wp\/v2\/comments?post=7159"}],"version-history":[{"count":11,"href":"https:\/\/drago-apartmani.com\/en\/wp-json\/wp\/v2\/pages\/7159\/revisions"}],"predecessor-version":[{"id":7171,"href":"https:\/\/drago-apartmani.com\/en\/wp-json\/wp\/v2\/pages\/7159\/revisions\/7171"}],"wp:attachment":[{"href":"https:\/\/drago-apartmani.com\/en\/wp-json\/wp\/v2\/media?parent=7159"}],"curies":[{"name":"wp","href":"https:\/\/api.w.org\/{rel}","templated":true}]}}