{"id":7136,"date":"2021-07-30T10:13:35","date_gmt":"2021-07-30T08:13:35","guid":{"rendered":"https:\/\/drago-apartmani.com\/?page_id=7136"},"modified":"2021-07-30T20:27:44","modified_gmt":"2021-07-30T18:27:44","slug":"apartman-a8","status":"publish","type":"page","link":"https:\/\/drago-apartmani.com\/en\/apartman-a8\/","title":{"rendered":"Apartment A8"},"content":{"rendered":"<div data-elementor-type=\"wp-page\" data-elementor-id=\"7136\" class=\"elementor elementor-7136\" data-elementor-post-type=\"page\">\n\t\t\t\t\t\t<section class=\"elementor-section elementor-top-section elementor-element elementor-element-39cc0236 elementor-section-full_width elementor-section-height-default elementor-section-height-default\" data-id=\"39cc0236\" data-element_type=\"section\" data-settings=\"{&quot;background_background&quot;:&quot;classic&quot;}\">\n\t\t\t\t\t\t<div class=\"elementor-container elementor-column-gap-default\">\n\t\t\t\t\t<div class=\"elementor-column elementor-col-100 elementor-top-column elementor-element elementor-element-4463e32a\" data-id=\"4463e32a\" data-element_type=\"column\">\n\t\t\t<div class=\"elementor-widget-wrap\">\n\t\t\t\t\t\t\t<\/div>\n\t\t<\/div>\n\t\t\t\t\t<\/div>\n\t\t<\/section>\n\t\t\t\t<section class=\"elementor-section elementor-top-section elementor-element elementor-element-10b39702 elementor-section-boxed elementor-section-height-default elementor-section-height-default\" data-id=\"10b39702\" data-element_type=\"section\" data-settings=\"{&quot;background_background&quot;:&quot;classic&quot;}\">\n\t\t\t\t\t\t<div class=\"elementor-container elementor-column-gap-default\">\n\t\t\t\t\t<div class=\"elementor-column elementor-col-100 elementor-top-column elementor-element elementor-element-2785172e\" data-id=\"2785172e\" data-element_type=\"column\">\n\t\t\t<div class=\"elementor-widget-wrap elementor-element-populated\">\n\t\t\t\t\t\t\t<\/div>\n\t\t<\/div>\n\t\t\t\t\t<\/div>\n\t\t<\/section>\n\t\t\t\t<section class=\"elementor-section elementor-top-section elementor-element elementor-element-4183528 elementor-section-boxed elementor-section-height-default elementor-section-height-default\" data-id=\"4183528\" data-element_type=\"section\">\n\t\t\t\t\t\t<div class=\"elementor-container elementor-column-gap-default\">\n\t\t\t\t\t<div class=\"elementor-column elementor-col-100 elementor-top-column elementor-element elementor-element-6a28b52d\" data-id=\"6a28b52d\" data-element_type=\"column\">\n\t\t\t<div class=\"elementor-widget-wrap elementor-element-populated\">\n\t\t\t\t\t\t<div class=\"elementor-element elementor-element-122fe837 elementor-widget elementor-widget-spacer\" data-id=\"122fe837\" data-element_type=\"widget\" data-widget_type=\"spacer.default\">\n\t\t\t\t<div class=\"elementor-widget-container\">\n\t\t\t\t\t<div class=\"elementor-spacer\">\n\t\t\t<div class=\"elementor-spacer-inner\"><\/div>\n\t\t<\/div>\n\t\t\t\t<\/div>\n\t\t\t\t<\/div>\n\t\t\t\t\t<\/div>\n\t\t<\/div>\n\t\t\t\t\t<\/div>\n\t\t<\/section>\n\t\t\t\t<section class=\"elementor-section elementor-top-section elementor-element elementor-element-ede9af3 elementor-section-boxed elementor-section-height-default elementor-section-height-default\" data-id=\"ede9af3\" data-element_type=\"section\">\n\t\t\t\t\t\t<div class=\"elementor-container elementor-column-gap-default\">\n\t\t\t\t\t<div class=\"elementor-column elementor-col-100 elementor-top-column elementor-element elementor-element-640e003\" data-id=\"640e003\" data-element_type=\"column\">\n\t\t\t<div class=\"elementor-widget-wrap elementor-element-populated\">\n\t\t\t\t\t\t<div class=\"elementor-element elementor-element-c8032e8 gallery-spacing-custom elementor-widget elementor-widget-image-gallery\" data-id=\"c8032e8\" data-element_type=\"widget\" data-widget_type=\"image-gallery.default\">\n\t\t\t\t<div class=\"elementor-widget-container\">\n\t\t\t\t\t<div class=\"elementor-image-gallery\">\n\t\t\t<div id='gallery-1' class='gallery galleryid-7136 gallery-columns-4 gallery-size-full'><figure class='gallery-item'>\n\t\t\t<div class='gallery-icon portrait'>\n\t\t\t\t<a data-elementor-open-lightbox=\"yes\" data-elementor-lightbox-slideshow=\"c8032e8\" data-elementor-lightbox-title=\"1\" data-e-action-hash=\"#elementor-action%3Aaction%3Dlightbox%26settings%3DeyJpZCI6NzI0NCwidXJsIjoiaHR0cHM6XC9cL2RyYWdvLWFwYXJ0bWFuaS5jb21cL3dwLWNvbnRlbnRcL3VwbG9hZHNcLzIwMjFcLzA3XC8xLmpwZyIsInNsaWRlc2hvdyI6ImM4MDMyZTgifQ%3D%3D\" href='https:\/\/drago-apartmani.com\/wp-content\/uploads\/2021\/07\/1.jpg'><img fetchpriority=\"high\" decoding=\"async\" width=\"750\" height=\"1000\" src=\"https:\/\/drago-apartmani.com\/wp-content\/uploads\/2021\/07\/1.jpg\" class=\"attachment-full size-full\" alt=\"\" srcset=\"https:\/\/drago-apartmani.com\/wp-content\/uploads\/2021\/07\/1.jpg 750w, https:\/\/drago-apartmani.com\/wp-content\/uploads\/2021\/07\/1-225x300.jpg 225w, https:\/\/drago-apartmani.com\/wp-content\/uploads\/2021\/07\/1-9x12.jpg 9w, https:\/\/drago-apartmani.com\/wp-content\/uploads\/2021\/07\/1-441x588.jpg 441w\" sizes=\"(max-width: 360px) 147px, (max-width: 750px) 100vw, 750px\" \/><\/a>\n\t\t\t<\/div><\/figure><figure class='gallery-item'>\n\t\t\t<div class='gallery-icon portrait'>\n\t\t\t\t<a data-elementor-open-lightbox=\"yes\" data-elementor-lightbox-slideshow=\"c8032e8\" data-elementor-lightbox-title=\"2\" data-e-action-hash=\"#elementor-action%3Aaction%3Dlightbox%26settings%3DeyJpZCI6NzI0NSwidXJsIjoiaHR0cHM6XC9cL2RyYWdvLWFwYXJ0bWFuaS5jb21cL3dwLWNvbnRlbnRcL3VwbG9hZHNcLzIwMjFcLzA3XC8yLmpwZyIsInNsaWRlc2hvdyI6ImM4MDMyZTgifQ%3D%3D\" href='https:\/\/drago-apartmani.com\/wp-content\/uploads\/2021\/07\/2.jpg'><img decoding=\"async\" width=\"750\" height=\"1000\" src=\"https:\/\/drago-apartmani.com\/wp-content\/uploads\/2021\/07\/2.jpg\" class=\"attachment-full size-full\" alt=\"\" srcset=\"https:\/\/drago-apartmani.com\/wp-content\/uploads\/2021\/07\/2.jpg 750w, https:\/\/drago-apartmani.com\/wp-content\/uploads\/2021\/07\/2-225x300.jpg 225w, https:\/\/drago-apartmani.com\/wp-content\/uploads\/2021\/07\/2-9x12.jpg 9w, https:\/\/drago-apartmani.com\/wp-content\/uploads\/2021\/07\/2-441x588.jpg 441w\" sizes=\"(max-width: 360px) 147px, (max-width: 750px) 100vw, 750px\" \/><\/a>\n\t\t\t<\/div><\/figure><figure class='gallery-item'>\n\t\t\t<div class='gallery-icon portrait'>\n\t\t\t\t<a data-elementor-open-lightbox=\"yes\" data-elementor-lightbox-slideshow=\"c8032e8\" data-elementor-lightbox-title=\"3\" data-e-action-hash=\"#elementor-action%3Aaction%3Dlightbox%26settings%3DeyJpZCI6NzI0NiwidXJsIjoiaHR0cHM6XC9cL2RyYWdvLWFwYXJ0bWFuaS5jb21cL3dwLWNvbnRlbnRcL3VwbG9hZHNcLzIwMjFcLzA3XC8zLmpwZyIsInNsaWRlc2hvdyI6ImM4MDMyZTgifQ%3D%3D\" href='https:\/\/drago-apartmani.com\/wp-content\/uploads\/2021\/07\/3.jpg'><img decoding=\"async\" width=\"750\" height=\"1000\" src=\"https:\/\/drago-apartmani.com\/wp-content\/uploads\/2021\/07\/3.jpg\" class=\"attachment-full size-full\" alt=\"\" srcset=\"https:\/\/drago-apartmani.com\/wp-content\/uploads\/2021\/07\/3.jpg 750w, https:\/\/drago-apartmani.com\/wp-content\/uploads\/2021\/07\/3-225x300.jpg 225w, https:\/\/drago-apartmani.com\/wp-content\/uploads\/2021\/07\/3-9x12.jpg 9w, https:\/\/drago-apartmani.com\/wp-content\/uploads\/2021\/07\/3-441x588.jpg 441w\" sizes=\"(max-width: 360px) 147px, (max-width: 750px) 100vw, 750px\" \/><\/a>\n\t\t\t<\/div><\/figure><figure class='gallery-item'>\n\t\t\t<div class='gallery-icon portrait'>\n\t\t\t\t<a data-elementor-open-lightbox=\"yes\" data-elementor-lightbox-slideshow=\"c8032e8\" data-elementor-lightbox-title=\"4\" data-e-action-hash=\"#elementor-action%3Aaction%3Dlightbox%26settings%3DeyJpZCI6NzI0NywidXJsIjoiaHR0cHM6XC9cL2RyYWdvLWFwYXJ0bWFuaS5jb21cL3dwLWNvbnRlbnRcL3VwbG9hZHNcLzIwMjFcLzA3XC80LmpwZyIsInNsaWRlc2hvdyI6ImM4MDMyZTgifQ%3D%3D\" href='https:\/\/drago-apartmani.com\/wp-content\/uploads\/2021\/07\/4.jpg'><img loading=\"lazy\" decoding=\"async\" width=\"750\" height=\"1000\" src=\"https:\/\/drago-apartmani.com\/wp-content\/uploads\/2021\/07\/4.jpg\" class=\"attachment-full size-full\" alt=\"\" srcset=\"https:\/\/drago-apartmani.com\/wp-content\/uploads\/2021\/07\/4.jpg 750w, https:\/\/drago-apartmani.com\/wp-content\/uploads\/2021\/07\/4-225x300.jpg 225w, https:\/\/drago-apartmani.com\/wp-content\/uploads\/2021\/07\/4-9x12.jpg 9w, https:\/\/drago-apartmani.com\/wp-content\/uploads\/2021\/07\/4-441x588.jpg 441w\" sizes=\"(max-width: 360px) 147px, (max-width: 750px) 100vw, 750px\" \/><\/a>\n\t\t\t<\/div><\/figure><figure class='gallery-item'>\n\t\t\t<div class='gallery-icon portrait'>\n\t\t\t\t<a data-elementor-open-lightbox=\"yes\" data-elementor-lightbox-slideshow=\"c8032e8\" data-elementor-lightbox-title=\"5\" data-e-action-hash=\"#elementor-action%3Aaction%3Dlightbox%26settings%3DeyJpZCI6NzI0OCwidXJsIjoiaHR0cHM6XC9cL2RyYWdvLWFwYXJ0bWFuaS5jb21cL3dwLWNvbnRlbnRcL3VwbG9hZHNcLzIwMjFcLzA3XC81LmpwZyIsInNsaWRlc2hvdyI6ImM4MDMyZTgifQ%3D%3D\" href='https:\/\/drago-apartmani.com\/wp-content\/uploads\/2021\/07\/5.jpg'><img loading=\"lazy\" decoding=\"async\" width=\"750\" height=\"1000\" src=\"https:\/\/drago-apartmani.com\/wp-content\/uploads\/2021\/07\/5.jpg\" class=\"attachment-full size-full\" alt=\"\" srcset=\"https:\/\/drago-apartmani.com\/wp-content\/uploads\/2021\/07\/5.jpg 750w, https:\/\/drago-apartmani.com\/wp-content\/uploads\/2021\/07\/5-225x300.jpg 225w, https:\/\/drago-apartmani.com\/wp-content\/uploads\/2021\/07\/5-9x12.jpg 9w, https:\/\/drago-apartmani.com\/wp-content\/uploads\/2021\/07\/5-441x588.jpg 441w\" sizes=\"(max-width: 360px) 147px, (max-width: 750px) 100vw, 750px\" \/><\/a>\n\t\t\t<\/div><\/figure><figure class='gallery-item'>\n\t\t\t<div class='gallery-icon portrait'>\n\t\t\t\t<a data-elementor-open-lightbox=\"yes\" data-elementor-lightbox-slideshow=\"c8032e8\" data-elementor-lightbox-title=\"6\" data-e-action-hash=\"#elementor-action%3Aaction%3Dlightbox%26settings%3DeyJpZCI6NzI0OSwidXJsIjoiaHR0cHM6XC9cL2RyYWdvLWFwYXJ0bWFuaS5jb21cL3dwLWNvbnRlbnRcL3VwbG9hZHNcLzIwMjFcLzA3XC82LmpwZyIsInNsaWRlc2hvdyI6ImM4MDMyZTgifQ%3D%3D\" href='https:\/\/drago-apartmani.com\/wp-content\/uploads\/2021\/07\/6.jpg'><img loading=\"lazy\" decoding=\"async\" width=\"750\" height=\"1000\" src=\"https:\/\/drago-apartmani.com\/wp-content\/uploads\/2021\/07\/6.jpg\" class=\"attachment-full size-full\" alt=\"\" srcset=\"https:\/\/drago-apartmani.com\/wp-content\/uploads\/2021\/07\/6.jpg 750w, https:\/\/drago-apartmani.com\/wp-content\/uploads\/2021\/07\/6-225x300.jpg 225w, https:\/\/drago-apartmani.com\/wp-content\/uploads\/2021\/07\/6-9x12.jpg 9w, https:\/\/drago-apartmani.com\/wp-content\/uploads\/2021\/07\/6-441x588.jpg 441w\" sizes=\"(max-width: 360px) 147px, (max-width: 750px) 100vw, 750px\" \/><\/a>\n\t\t\t<\/div><\/figure><figure class='gallery-item'>\n\t\t\t<div class='gallery-icon portrait'>\n\t\t\t\t<a data-elementor-open-lightbox=\"yes\" data-elementor-lightbox-slideshow=\"c8032e8\" data-elementor-lightbox-title=\"7\" data-e-action-hash=\"#elementor-action%3Aaction%3Dlightbox%26settings%3DeyJpZCI6NzI1MCwidXJsIjoiaHR0cHM6XC9cL2RyYWdvLWFwYXJ0bWFuaS5jb21cL3dwLWNvbnRlbnRcL3VwbG9hZHNcLzIwMjFcLzA3XC83LmpwZyIsInNsaWRlc2hvdyI6ImM4MDMyZTgifQ%3D%3D\" href='https:\/\/drago-apartmani.com\/wp-content\/uploads\/2021\/07\/7.jpg'><img loading=\"lazy\" decoding=\"async\" width=\"750\" height=\"1000\" src=\"https:\/\/drago-apartmani.com\/wp-content\/uploads\/2021\/07\/7.jpg\" class=\"attachment-full size-full\" alt=\"\" srcset=\"https:\/\/drago-apartmani.com\/wp-content\/uploads\/2021\/07\/7.jpg 750w, https:\/\/drago-apartmani.com\/wp-content\/uploads\/2021\/07\/7-225x300.jpg 225w, https:\/\/drago-apartmani.com\/wp-content\/uploads\/2021\/07\/7-9x12.jpg 9w, https:\/\/drago-apartmani.com\/wp-content\/uploads\/2021\/07\/7-441x588.jpg 441w\" sizes=\"(max-width: 360px) 147px, (max-width: 750px) 100vw, 750px\" \/><\/a>\n\t\t\t<\/div><\/figure><figure class='gallery-item'>\n\t\t\t<div class='gallery-icon portrait'>\n\t\t\t\t<a data-elementor-open-lightbox=\"yes\" data-elementor-lightbox-slideshow=\"c8032e8\" data-elementor-lightbox-title=\"8\" data-e-action-hash=\"#elementor-action%3Aaction%3Dlightbox%26settings%3DeyJpZCI6NzI1MSwidXJsIjoiaHR0cHM6XC9cL2RyYWdvLWFwYXJ0bWFuaS5jb21cL3dwLWNvbnRlbnRcL3VwbG9hZHNcLzIwMjFcLzA3XC84LmpwZyIsInNsaWRlc2hvdyI6ImM4MDMyZTgifQ%3D%3D\" href='https:\/\/drago-apartmani.com\/wp-content\/uploads\/2021\/07\/8.jpg'><img loading=\"lazy\" decoding=\"async\" width=\"750\" height=\"1000\" src=\"https:\/\/drago-apartmani.com\/wp-content\/uploads\/2021\/07\/8.jpg\" class=\"attachment-full size-full\" alt=\"\" srcset=\"https:\/\/drago-apartmani.com\/wp-content\/uploads\/2021\/07\/8.jpg 750w, https:\/\/drago-apartmani.com\/wp-content\/uploads\/2021\/07\/8-225x300.jpg 225w, https:\/\/drago-apartmani.com\/wp-content\/uploads\/2021\/07\/8-9x12.jpg 9w, https:\/\/drago-apartmani.com\/wp-content\/uploads\/2021\/07\/8-441x588.jpg 441w\" sizes=\"(max-width: 360px) 147px, (max-width: 750px) 100vw, 750px\" \/><\/a>\n\t\t\t<\/div><\/figure><figure class='gallery-item'>\n\t\t\t<div class='gallery-icon portrait'>\n\t\t\t\t<a data-elementor-open-lightbox=\"yes\" data-elementor-lightbox-slideshow=\"c8032e8\" data-elementor-lightbox-title=\"9\" data-e-action-hash=\"#elementor-action%3Aaction%3Dlightbox%26settings%3DeyJpZCI6NzI1MiwidXJsIjoiaHR0cHM6XC9cL2RyYWdvLWFwYXJ0bWFuaS5jb21cL3dwLWNvbnRlbnRcL3VwbG9hZHNcLzIwMjFcLzA3XC85LmpwZyIsInNsaWRlc2hvdyI6ImM4MDMyZTgifQ%3D%3D\" href='https:\/\/drago-apartmani.com\/wp-content\/uploads\/2021\/07\/9.jpg'><img loading=\"lazy\" decoding=\"async\" width=\"750\" height=\"1000\" src=\"https:\/\/drago-apartmani.com\/wp-content\/uploads\/2021\/07\/9.jpg\" class=\"attachment-full size-full\" alt=\"\" srcset=\"https:\/\/drago-apartmani.com\/wp-content\/uploads\/2021\/07\/9.jpg 750w, https:\/\/drago-apartmani.com\/wp-content\/uploads\/2021\/07\/9-225x300.jpg 225w, https:\/\/drago-apartmani.com\/wp-content\/uploads\/2021\/07\/9-9x12.jpg 9w, https:\/\/drago-apartmani.com\/wp-content\/uploads\/2021\/07\/9-441x588.jpg 441w\" sizes=\"(max-width: 360px) 147px, (max-width: 750px) 100vw, 750px\" \/><\/a>\n\t\t\t<\/div><\/figure><figure class='gallery-item'>\n\t\t\t<div class='gallery-icon portrait'>\n\t\t\t\t<a data-elementor-open-lightbox=\"yes\" data-elementor-lightbox-slideshow=\"c8032e8\" data-elementor-lightbox-title=\"10\" data-e-action-hash=\"#elementor-action%3Aaction%3Dlightbox%26settings%3DeyJpZCI6NzI1MywidXJsIjoiaHR0cHM6XC9cL2RyYWdvLWFwYXJ0bWFuaS5jb21cL3dwLWNvbnRlbnRcL3VwbG9hZHNcLzIwMjFcLzA3XC8xMC5qcGciLCJzbGlkZXNob3ciOiJjODAzMmU4In0%3D\" href='https:\/\/drago-apartmani.com\/wp-content\/uploads\/2021\/07\/10.jpg'><img loading=\"lazy\" decoding=\"async\" width=\"750\" height=\"1000\" src=\"https:\/\/drago-apartmani.com\/wp-content\/uploads\/2021\/07\/10.jpg\" class=\"attachment-full size-full\" alt=\"\" srcset=\"https:\/\/drago-apartmani.com\/wp-content\/uploads\/2021\/07\/10.jpg 750w, https:\/\/drago-apartmani.com\/wp-content\/uploads\/2021\/07\/10-225x300.jpg 225w, https:\/\/drago-apartmani.com\/wp-content\/uploads\/2021\/07\/10-9x12.jpg 9w, https:\/\/drago-apartmani.com\/wp-content\/uploads\/2021\/07\/10-441x588.jpg 441w\" sizes=\"(max-width: 360px) 147px, (max-width: 750px) 100vw, 750px\" \/><\/a>\n\t\t\t<\/div><\/figure><figure class='gallery-item'>\n\t\t\t<div class='gallery-icon landscape'>\n\t\t\t\t<a data-elementor-open-lightbox=\"yes\" data-elementor-lightbox-slideshow=\"c8032e8\" data-elementor-lightbox-title=\"11\" data-e-action-hash=\"#elementor-action%3Aaction%3Dlightbox%26settings%3DeyJpZCI6NzI1NCwidXJsIjoiaHR0cHM6XC9cL2RyYWdvLWFwYXJ0bWFuaS5jb21cL3dwLWNvbnRlbnRcL3VwbG9hZHNcLzIwMjFcLzA3XC8xMS5qcGciLCJzbGlkZXNob3ciOiJjODAzMmU4In0%3D\" href='https:\/\/drago-apartmani.com\/wp-content\/uploads\/2021\/07\/11.jpg'><img loading=\"lazy\" decoding=\"async\" width=\"850\" height=\"638\" src=\"https:\/\/drago-apartmani.com\/wp-content\/uploads\/2021\/07\/11.jpg\" class=\"attachment-full size-full\" alt=\"\" srcset=\"https:\/\/drago-apartmani.com\/wp-content\/uploads\/2021\/07\/11.jpg 850w, https:\/\/drago-apartmani.com\/wp-content\/uploads\/2021\/07\/11-300x225.jpg 300w, https:\/\/drago-apartmani.com\/wp-content\/uploads\/2021\/07\/11-768x576.jpg 768w, https:\/\/drago-apartmani.com\/wp-content\/uploads\/2021\/07\/11-16x12.jpg 16w, https:\/\/drago-apartmani.com\/wp-content\/uploads\/2021\/07\/11-441x331.jpg 441w\" sizes=\"(max-width: 360px) 147px, (max-width: 850px) 100vw, 850px\" \/><\/a>\n\t\t\t<\/div><\/figure>\n\t\t<\/div>\n\t\t<\/div>\n\t\t\t\t<\/div>\n\t\t\t\t<\/div>\n\t\t\t\t\t<\/div>\n\t\t<\/div>\n\t\t\t\t\t<\/div>\n\t\t<\/section>\n\t\t\t\t<section class=\"elementor-section elementor-top-section elementor-element elementor-element-bcb5b42 elementor-section-boxed elementor-section-height-default elementor-section-height-default\" data-id=\"bcb5b42\" data-element_type=\"section\">\n\t\t\t\t\t\t<div class=\"elementor-container elementor-column-gap-default\">\n\t\t\t\t\t<div class=\"elementor-column elementor-col-50 elementor-top-column elementor-element elementor-element-6784ea2\" data-id=\"6784ea2\" data-element_type=\"column\">\n\t\t\t<div class=\"elementor-widget-wrap elementor-element-populated\">\n\t\t\t\t\t\t<div class=\"elementor-element elementor-element-9cc9474 elementor-widget elementor-widget-text-editor\" data-id=\"9cc9474\" data-element_type=\"widget\" data-widget_type=\"text-editor.default\">\n\t\t\t\t<div class=\"elementor-widget-container\">\n\t\t\t\t\t\t\t<h2><span style=\"color: #ff6600;\"><strong>Star rating ***<\/strong><\/span><\/h2><p>2. floor<\/p><p>Number of bathroom with shower: 1<\/p><p>Lounge and kitchen in separate rooms<\/p><p>Size (lounge, dining-room or kitchen) 15 m2<\/p><p>Terrace 10 m2<\/p><p>Satellite TV<\/p><p>Cot (service available at your request)<\/p><p>Iron (service available at your request)<\/p><p>Kitchen utensils and tableware according to the number of persons<\/p><p>Refrigerator<\/p><p>Hairdryer (service available at your request)<\/p><p>Washing machine (service available upon agreement with other guests)<\/p><p>Cleaning 1x a week<\/p><p>Smoking allowed in apartment<\/p><p>View of: garden (room), sea (lounge)<\/p>\t\t\t\t\t\t<\/div>\n\t\t\t\t<\/div>\n\t\t\t\t\t<\/div>\n\t\t<\/div>\n\t\t\t\t<div class=\"elementor-column elementor-col-50 elementor-top-column elementor-element elementor-element-5bbe090\" data-id=\"5bbe090\" data-element_type=\"column\">\n\t\t\t<div class=\"elementor-widget-wrap elementor-element-populated\">\n\t\t\t\t\t\t<div class=\"elementor-element elementor-element-a3cff2c elementor-widget elementor-widget-text-editor\" data-id=\"a3cff2c\" data-element_type=\"widget\" data-widget_type=\"text-editor.default\">\n\t\t\t\t<div class=\"elementor-widget-container\">\n\t\t\t\t\t\t\t<h2><span style=\"color: #ff6600;\"><strong>Room 1:<\/strong><\/span><\/h2><p>Total number of beds in rooms: 2<\/p><p>Number of twin beds: 1<\/p><p>Room size is 12 m2<\/p><h2><span style=\"color: #ff6600;\"><strong>Room 2:<\/strong><\/span><\/h2><p>Total number of beds in rooms: 2<\/p><p>Number of twin beds: 1<\/p><p>Room size is 12 m2<\/p><h2><span style=\"color: #ff6600;\"><strong>Room 3:<\/strong><\/span><\/h2><p>Total number of beds in rooms: 3<\/p><p>Number of twin beds: 1<\/p><p>Room size is 15 m2<\/p>\t\t\t\t\t\t<\/div>\n\t\t\t\t<\/div>\n\t\t\t\t\t<\/div>\n\t\t<\/div>\n\t\t\t\t\t<\/div>\n\t\t<\/section>\n\t\t\t\t<section class=\"elementor-section elementor-top-section elementor-element elementor-element-47e344c8 elementor-section-full_width elementor-section-height-default elementor-section-height-default\" data-id=\"47e344c8\" data-element_type=\"section\" data-settings=\"{&quot;background_background&quot;:&quot;classic&quot;}\">\n\t\t\t\t\t\t<div class=\"elementor-container elementor-column-gap-default\">\n\t\t\t\t\t<div class=\"elementor-column elementor-col-100 elementor-top-column elementor-element elementor-element-7ad55079\" data-id=\"7ad55079\" data-element_type=\"column\">\n\t\t\t<div class=\"elementor-widget-wrap elementor-element-populated\">\n\t\t\t\t\t\t<div class=\"elementor-element elementor-element-74323eff elementor-align-center elementor-widget elementor-widget-button\" data-id=\"74323eff\" data-element_type=\"widget\" data-widget_type=\"button.default\">\n\t\t\t\t<div class=\"elementor-widget-container\">\n\t\t\t\t\t\t\t<div class=\"elementor-button-wrapper\">\n\t\t\t\t\t<a class=\"elementor-button elementor-button-link elementor-size-sm\" href=\"https:\/\/drago-apartmani.com\/en\/contact-us\/\">\n\t\t\t\t\t\t<span class=\"elementor-button-content-wrapper\">\n\t\t\t\t\t\t\t\t\t<span class=\"elementor-button-text\">RESERVATION<\/span>\n\t\t\t\t\t<\/span>\n\t\t\t\t\t<\/a>\n\t\t\t\t<\/div>\n\t\t\t\t\t\t<\/div>\n\t\t\t\t<\/div>\n\t\t\t\t\t<\/div>\n\t\t<\/div>\n\t\t\t\t\t<\/div>\n\t\t<\/section>\n\t\t\t\t<\/div>","protected":false},"excerpt":{"rendered":"<p>Kategorija *** 2. kat Broj kupaonica s tus kadom: 1 Boravak i kuhinja su u posebnim prostorijama Povrsina (boravka, blagovaone, kuhinje) 15 m2 Terasa, 10 m2 Televizor sa satelitskim programom Dje\u010dji kreveti\u0107 (usluga na zahtjev) Gla\u010dalo (usluga na zahtjev) Posude za pripremanje i serviranje hrane i pi\u0107a, te pribor za jelo u odgovaraju\u0107im koli\u010dinama Hladnjak [&hellip;]<\/p>","protected":false},"author":1,"featured_media":0,"parent":0,"menu_order":0,"comment_status":"closed","ping_status":"closed","template":"template-canvas.php","meta":{"footnotes":""},"class_list":["post-7136","page","type-page","status-publish","hentry"],"_links":{"self":[{"href":"https:\/\/drago-apartmani.com\/en\/wp-json\/wp\/v2\/pages\/7136","targetHints":{"allow":["GET"]}}],"collection":[{"href":"https:\/\/drago-apartmani.com\/en\/wp-json\/wp\/v2\/pages"}],"about":[{"href":"https:\/\/drago-apartmani.com\/en\/wp-json\/wp\/v2\/types\/page"}],"author":[{"embeddable":true,"href":"https:\/\/drago-apartmani.com\/en\/wp-json\/wp\/v2\/users\/1"}],"replies":[{"embeddable":true,"href":"https:\/\/drago-apartmani.com\/en\/wp-json\/wp\/v2\/comments?post=7136"}],"version-history":[{"count":18,"href":"https:\/\/drago-apartmani.com\/en\/wp-json\/wp\/v2\/pages\/7136\/revisions"}],"predecessor-version":[{"id":7258,"href":"https:\/\/drago-apartmani.com\/en\/wp-json\/wp\/v2\/pages\/7136\/revisions\/7258"}],"wp:attachment":[{"href":"https:\/\/drago-apartmani.com\/en\/wp-json\/wp\/v2\/media?parent=7136"}],"curies":[{"name":"wp","href":"https:\/\/api.w.org\/{rel}","templated":true}]}}